{"id":2425,"date":"2021-06-11T07:10:06","date_gmt":"2021-06-11T05:10:06","guid":{"rendered":"https:\/\/droneshoweurope.com\/drone-show\/"},"modified":"2024-03-14T16:18:57","modified_gmt":"2024-03-14T14:18:57","slug":"drone-show","status":"publish","type":"page","link":"https:\/\/droneshoweurope.com\/fr\/drone-show\/","title":{"rendered":"Drone show"},"content":{"rendered":"<p><div class=\"fusion-fullwidth fullwidth-box fusion-builder-row-1 fusion-flex-container has-pattern-background has-mask-background nonhundred-percent-fullwidth non-hundred-percent-height-scrolling\" style=\"--awb-border-radius-top-left:0px;--awb-border-radius-top-right:0px;--awb-border-radius-bottom-right:0px;--awb-border-radius-bottom-left:0px;--awb-flex-wrap:wrap;\" ><div class=\"fusion-builder-row fusion-row fusion-flex-align-items-flex-start fusion-flex-content-wrap\" style=\"max-width:1404px;margin-left: calc(-4% \/ 2 );margin-right: calc(-4% \/ 2 );\"><div class=\"fusion-layout-column fusion_builder_column fusion-builder-column-0 fusion_builder_column_1_2 1_2 fusion-flex-column\" style=\"--awb-bg-size:cover;--awb-width-large:50%;--awb-margin-top-large:0px;--awb-spacing-right-large:3.84%;--awb-margin-bottom-large:20px;--awb-spacing-left-large:3.84%;--awb-width-medium:100%;--awb-order-medium:0;--awb-spacing-right-medium:1.92%;--awb-spacing-left-medium:1.92%;--awb-width-small:100%;--awb-order-small:0;--awb-spacing-right-small:1.92%;--awb-spacing-left-small:1.92%;\" data-scroll-devices=\"small-visibility,medium-visibility,large-visibility\"><div class=\"fusion-column-wrapper fusion-column-has-shadow fusion-flex-justify-content-flex-start fusion-content-layout-column\"><div class=\"fusion-title title fusion-title-1 fusion-sep-none fusion-title-text fusion-title-size-one\"><h1 class=\"fusion-title-heading title-heading-left fusion-responsive-typography-calculated\" style=\"margin:0;--fontSize:40;line-height:1.2;\">Spectacle de Drones<\/h1><\/div><div class=\"fusion-text fusion-text-1\"><p>Nous sommes Drone Show Europe. Nous cr\u00e9ons des spectacles de drones uniques de la plus haute qualit\u00e9 avec jusqu&rsquo;\u00e0 3000 drones. Nous avons plus de 12 ans d&rsquo;exp\u00e9rience avec des centaines de spectacles de drones et multim\u00e9dias dans le monde entier. Nous sommes l&rsquo;une des premi\u00e8res soci\u00e9t\u00e9s de spectacles de drones en Europe.<\/p>\n<p>Le spectacle de drones est le premier spectacle multim\u00e9dia capable d&rsquo;illuminer tout le ciel. Des milliers de drones font appara\u00eetre des images, des logos ou des histoires enti\u00e8res directement dans le ciel. Nous apportons le plus grand soin \u00e0 tous les d\u00e9tails.<\/p>\n<p>La pr\u00e9cision et la s\u00e9curit\u00e9 du spectacle sont notre priorit\u00e9 absolue. Nous ne travaillons qu&rsquo;avec du mat\u00e9riel de premi\u00e8re qualit\u00e9. Notre \u00e9quipe de professionnels exp\u00e9riment\u00e9s s&rsquo;occupe de tous les d\u00e9tails du processus de pr\u00e9paration de votre spectacle \u00e0 couper le souffle.<\/p>\n<\/div><\/div><\/div><div class=\"fusion-layout-column fusion_builder_column fusion-builder-column-1 fusion_builder_column_1_2 1_2 fusion-flex-column\" style=\"--awb-bg-size:cover;--awb-width-large:50%;--awb-margin-top-large:0px;--awb-spacing-right-large:3.84%;--awb-margin-bottom-large:20px;--awb-spacing-left-large:3.84%;--awb-width-medium:100%;--awb-order-medium:0;--awb-spacing-right-medium:1.92%;--awb-spacing-left-medium:1.92%;--awb-width-small:100%;--awb-order-small:0;--awb-spacing-right-small:1.92%;--awb-spacing-left-small:1.92%;\"><div class=\"fusion-column-wrapper fusion-column-has-shadow fusion-flex-justify-content-flex-start fusion-content-layout-column\"><div class=\"fusion-image-element \" style=\"--awb-margin-top:2rem;--awb-margin-bottom:2rem;--awb-max-width:1000px;--awb-caption-title-font-family:var(--h2_typography-font-family);--awb-caption-title-font-weight:var(--h2_typography-font-weight);--awb-caption-title-font-style:var(--h2_typography-font-style);--awb-caption-title-size:var(--h2_typography-font-size);--awb-caption-title-transform:var(--h2_typography-text-transform);--awb-caption-title-line-height:var(--h2_typography-line-height);--awb-caption-title-letter-spacing:var(--h2_typography-letter-spacing);\"><span class=\" fusion-imageframe imageframe-none imageframe-1 hover-type-none\"><img decoding=\"async\" width=\"1024\" height=\"576\" title=\"DSE_Showwreel 2023_snapshot_2\" src=\"https:\/\/droneshoweurope.com\/wp-content\/uploads\/2024\/03\/DSE_Showwreel-2023_snapshot_2-scaled.jpg\" data-orig-src=\"https:\/\/droneshoweurope.com\/wp-content\/uploads\/2024\/03\/DSE_Showwreel-2023_snapshot_2-1024x576.jpg\" alt class=\"lazyload img-responsive wp-image-2833\" srcset=\"data:image\/svg+xml,%3Csvg%20xmlns%3D%27http%3A%2F%2Fwww.w3.org%2F2000%2Fsvg%27%20width%3D%272560%27%20height%3D%271440%27%20viewBox%3D%270%200%202560%201440%27%3E%3Crect%20width%3D%272560%27%20height%3D%271440%27%20fill-opacity%3D%220%22%2F%3E%3C%2Fsvg%3E\" data-srcset=\"https:\/\/droneshoweurope.com\/wp-content\/uploads\/2024\/03\/DSE_Showwreel-2023_snapshot_2-200x113.jpg 200w, https:\/\/droneshoweurope.com\/wp-content\/uploads\/2024\/03\/DSE_Showwreel-2023_snapshot_2-400x225.jpg 400w, https:\/\/droneshoweurope.com\/wp-content\/uploads\/2024\/03\/DSE_Showwreel-2023_snapshot_2-600x338.jpg 600w, https:\/\/droneshoweurope.com\/wp-content\/uploads\/2024\/03\/DSE_Showwreel-2023_snapshot_2-800x450.jpg 800w, https:\/\/droneshoweurope.com\/wp-content\/uploads\/2024\/03\/DSE_Showwreel-2023_snapshot_2-1200x675.jpg 1200w\" data-sizes=\"auto\" data-orig-sizes=\"(max-width: 1160px) 100vw, (max-width: 660px) 100vw, 800px\" \/><\/span><\/div><\/div><\/div><\/div><\/div><div class=\"fusion-fullwidth fullwidth-box fusion-builder-row-2 fusion-flex-container nonhundred-percent-fullwidth non-hundred-percent-height-scrolling\" style=\"--awb-border-radius-top-left:0px;--awb-border-radius-top-right:0px;--awb-border-radius-bottom-right:0px;--awb-border-radius-bottom-left:0px;--awb-flex-wrap:wrap;\" ><div class=\"fusion-builder-row fusion-row fusion-flex-align-items-flex-start fusion-flex-content-wrap\" style=\"max-width:1404px;margin-left: calc(-4% \/ 2 );margin-right: calc(-4% \/ 2 );\"><div class=\"fusion-layout-column fusion_builder_column fusion-builder-column-2 fusion_builder_column_1_2 1_2 fusion-flex-column\" style=\"--awb-bg-size:cover;--awb-width-large:50%;--awb-margin-top-large:0px;--awb-spacing-right-large:3.84%;--awb-margin-bottom-large:20px;--awb-spacing-left-large:3.84%;--awb-width-medium:100%;--awb-order-medium:2;--awb-spacing-right-medium:1.92%;--awb-spacing-left-medium:1.92%;--awb-width-small:100%;--awb-order-small:2;--awb-spacing-right-small:1.92%;--awb-spacing-left-small:1.92%;\"><div class=\"fusion-column-wrapper fusion-column-has-shadow fusion-flex-justify-content-center fusion-content-layout-column\"><div class=\"fusion-image-element \" style=\"--awb-margin-top:1rem;--awb-margin-bottom:1rem;--awb-max-width:700px;--awb-caption-title-font-family:var(--h2_typography-font-family);--awb-caption-title-font-weight:var(--h2_typography-font-weight);--awb-caption-title-font-style:var(--h2_typography-font-style);--awb-caption-title-size:var(--h2_typography-font-size);--awb-caption-title-transform:var(--h2_typography-text-transform);--awb-caption-title-line-height:var(--h2_typography-line-height);--awb-caption-title-letter-spacing:var(--h2_typography-letter-spacing);\"><span class=\" fusion-imageframe imageframe-none imageframe-2 hover-type-none\"><img decoding=\"async\" width=\"1024\" height=\"724\" src=\"https:\/\/droneshoweurope.com\/wp-content\/uploads\/2021\/12\/drone-competition-award.jpg\" data-orig-src=\"https:\/\/droneshoweurope.com\/wp-content\/uploads\/2021\/12\/drone-competition-award-1024x724.jpg\" alt class=\"lazyload img-responsive wp-image-2345\" srcset=\"data:image\/svg+xml,%3Csvg%20xmlns%3D%27http%3A%2F%2Fwww.w3.org%2F2000%2Fsvg%27%20width%3D%271280%27%20height%3D%27905%27%20viewBox%3D%270%200%201280%20905%27%3E%3Crect%20width%3D%271280%27%20height%3D%27905%27%20fill-opacity%3D%220%22%2F%3E%3C%2Fsvg%3E\" data-srcset=\"https:\/\/droneshoweurope.com\/wp-content\/uploads\/2021\/12\/drone-competition-award-200x141.jpg 200w, https:\/\/droneshoweurope.com\/wp-content\/uploads\/2021\/12\/drone-competition-award-400x283.jpg 400w, https:\/\/droneshoweurope.com\/wp-content\/uploads\/2021\/12\/drone-competition-award-600x424.jpg 600w, https:\/\/droneshoweurope.com\/wp-content\/uploads\/2021\/12\/drone-competition-award-800x566.jpg 800w, https:\/\/droneshoweurope.com\/wp-content\/uploads\/2021\/12\/drone-competition-award-1200x848.jpg 1200w, https:\/\/droneshoweurope.com\/wp-content\/uploads\/2021\/12\/drone-competition-award.jpg 1280w\" data-sizes=\"auto\" data-orig-sizes=\"(max-width: 1160px) 100vw, (max-width: 660px) 100vw, 800px\" \/><\/span><\/div><div class=\"fusion-image-element \" style=\"--awb-margin-top:1rem;--awb-margin-bottom:1rem;--awb-max-width:700px;--awb-caption-title-font-family:var(--h2_typography-font-family);--awb-caption-title-font-weight:var(--h2_typography-font-weight);--awb-caption-title-font-style:var(--h2_typography-font-style);--awb-caption-title-size:var(--h2_typography-font-size);--awb-caption-title-transform:var(--h2_typography-text-transform);--awb-caption-title-line-height:var(--h2_typography-line-height);--awb-caption-title-letter-spacing:var(--h2_typography-letter-spacing);\"><span class=\" fusion-imageframe imageframe-none imageframe-3 hover-type-none\"><img decoding=\"async\" width=\"1024\" height=\"856\" title=\"2023_11_SPH_DSC_SERTIF_WINNER_DSE\" src=\"https:\/\/droneshoweurope.com\/wp-content\/uploads\/2024\/03\/2023_11_SPH_DSC_SERTIF_WINNER_DSE-scaled.jpg\" data-orig-src=\"https:\/\/droneshoweurope.com\/wp-content\/uploads\/2024\/03\/2023_11_SPH_DSC_SERTIF_WINNER_DSE-1024x856.jpg\" alt class=\"lazyload img-responsive wp-image-2811\" srcset=\"data:image\/svg+xml,%3Csvg%20xmlns%3D%27http%3A%2F%2Fwww.w3.org%2F2000%2Fsvg%27%20width%3D%272560%27%20height%3D%272139%27%20viewBox%3D%270%200%202560%202139%27%3E%3Crect%20width%3D%272560%27%20height%3D%272139%27%20fill-opacity%3D%220%22%2F%3E%3C%2Fsvg%3E\" data-srcset=\"https:\/\/droneshoweurope.com\/wp-content\/uploads\/2024\/03\/2023_11_SPH_DSC_SERTIF_WINNER_DSE-200x167.jpg 200w, https:\/\/droneshoweurope.com\/wp-content\/uploads\/2024\/03\/2023_11_SPH_DSC_SERTIF_WINNER_DSE-400x334.jpg 400w, https:\/\/droneshoweurope.com\/wp-content\/uploads\/2024\/03\/2023_11_SPH_DSC_SERTIF_WINNER_DSE-600x501.jpg 600w, https:\/\/droneshoweurope.com\/wp-content\/uploads\/2024\/03\/2023_11_SPH_DSC_SERTIF_WINNER_DSE-800x669.jpg 800w, https:\/\/droneshoweurope.com\/wp-content\/uploads\/2024\/03\/2023_11_SPH_DSC_SERTIF_WINNER_DSE-1200x1003.jpg 1200w\" data-sizes=\"auto\" data-orig-sizes=\"(max-width: 1160px) 100vw, (max-width: 660px) 100vw, 800px\" \/><\/span><\/div><\/div><\/div><div class=\"fusion-layout-column fusion_builder_column fusion-builder-column-3 fusion_builder_column_1_2 1_2 fusion-flex-column\" style=\"--awb-bg-size:cover;--awb-width-large:50%;--awb-margin-top-large:0px;--awb-spacing-right-large:3.84%;--awb-margin-bottom-large:20px;--awb-spacing-left-large:3.84%;--awb-width-medium:100%;--awb-order-medium:1;--awb-spacing-right-medium:1.92%;--awb-spacing-left-medium:1.92%;--awb-width-small:100%;--awb-order-small:1;--awb-spacing-right-small:1.92%;--awb-spacing-left-small:1.92%;\"><div class=\"fusion-column-wrapper fusion-column-has-shadow fusion-flex-justify-content-flex-start fusion-content-layout-column\"><div class=\"fusion-text fusion-text-2\"><p>Nos drones sont de tr\u00e8s haute qualit\u00e9, ils peuvent r\u00e9sister \u00e0 des vents violents ou \u00e0 une pluie l\u00e9g\u00e8re. Nos drones illuminent enti\u00e8rement le ciel gr\u00e2ce \u00e0 des lumi\u00e8res LED RVB extr\u00eamement puissantes.<\/p>\n<p>Nous organisons tout pour vous, cl\u00e9 en main.<\/p>\n<\/div><ul style=\"--awb-size:19.8px;--awb-margin-bottom:2rem;--awb-line-height:33.66px;--awb-icon-width:33.66px;--awb-icon-height:33.66px;--awb-icon-margin:13.86px;--awb-content-margin:47.52px;--awb-circlecolor:#27a0da;--awb-circle-yes-font-size:17.424px;\" class=\"fusion-checklist fusion-checklist-1 fusion-checklist-default type-icons\"><li class=\"fusion-li-item\" style=\"\"><span class=\"icon-wrapper circle-yes\"><i class=\"fusion-li-icon fa-map-marker-alt fas\" aria-hidden=\"true\"><\/i><\/span><div class=\"fusion-li-item-content\">\n<p>Nous choisissons un lieu appropri\u00e9.<\/p>\n<\/div><\/li><li class=\"fusion-li-item\" style=\"\"><span class=\"icon-wrapper circle-yes\"><i class=\"fusion-li-icon fa-star fas\" aria-hidden=\"true\"><\/i><\/span><div class=\"fusion-li-item-content\">\n<p>Nous cr\u00e9ons une belle histoire.<\/p>\n<\/div><\/li><li class=\"fusion-li-item\" style=\"\"><span class=\"icon-wrapper circle-yes\"><i class=\"fusion-li-icon fa-tasks fas\" aria-hidden=\"true\"><\/i><\/span><div class=\"fusion-li-item-content\">\n<p>Nous programmons tout de mani\u00e8re s\u00fbre et pr\u00e9cise.<\/p>\n<\/div><\/li><li class=\"fusion-li-item\" style=\"\"><span class=\"icon-wrapper circle-yes\"><i class=\"fusion-li-icon fa-user-friends fas\" aria-hidden=\"true\"><\/i><\/span><div class=\"fusion-li-item-content\">\n<p>Nous pr\u00e9sentons parfaitement votre spectacle au public.<\/p>\n<\/div><\/li><\/ul><div class=\"fusion-text fusion-text-3\"><div>\n<p>Nous sommes la seule entreprise de l&rsquo;UE \u00e0 avoir \u00e9t\u00e9 r\u00e9compens\u00e9e deux fois dans le cadre du plus grand concours de spectacles de drones au monde et \u00e0 avoir gagn\u00e9 contre des centaines d&rsquo;\u00e9quipes de plus de 100 pays.<\/p>\n<p>Les spectacles de drones sont un excellent outil de marketing utilis\u00e9 non seulement lors d&rsquo;\u00e9v\u00e9nements, mais aussi dans le cadre de campagnes en ligne ou \u00e0 la t\u00e9l\u00e9vision. La combinaison sophistiqu\u00e9e de drones lumineux sp\u00e9ciaux et de syst\u00e8mes de contr\u00f4le uniques offre un spectacle de drones unique que personne n&rsquo;oubliera jamais. Les spectacles de drones cr\u00e9ent des images d&rsquo;une taille pouvant atteindre plusieurs centaines de m\u00e8tres et constituent le point d&rsquo;orgue de tout \u00e9v\u00e9nement ou campagne. Les spectacles de drones conviennent \u00e0 tous les types d&rsquo;\u00e9v\u00e9nements en plein air o\u00f9 vous souhaitez impressionner, par exemple en pr\u00e9sentant votre logo ou en lan\u00e7ant de nouveaux produits. Nous fournissons tout ce qui est n\u00e9cessaire pour un spectacle de drones cl\u00e9 en main. Choisissez le nombre de drones, le lieu, la date et envoyez-nous un e-mail ! Laissez-nous illuminer le ciel avec vos histoires!<\/p>\n<\/div>\n<\/div><\/div><\/div><\/div><\/div><\/p>\n","protected":false},"excerpt":{"rendered":"","protected":false},"author":1,"featured_media":0,"parent":0,"menu_order":0,"comment_status":"closed","ping_status":"closed","template":"","meta":{"footnotes":""},"class_list":["post-2425","page","type-page","status-publish","hentry"],"yoast_head":"<!-- This site is optimized with the Yoast SEO plugin v24.5 - https:\/\/yoast.com\/wordpress\/plugins\/seo\/ -->\n<title>Drone show - Drone Show Europe<\/title>\n<meta name=\"robots\" content=\"index, follow, max-snippet:-1, max-image-preview:large, max-video-preview:-1\" \/>\n<link rel=\"canonical\" href=\"https:\/\/droneshoweurope.com\/fr\/drone-show\/\" \/>\n<meta property=\"og:locale\" content=\"fr_FR\" \/>\n<meta property=\"og:type\" content=\"article\" \/>\n<meta property=\"og:title\" content=\"Drone show - Drone Show Europe\" \/>\n<meta property=\"og:url\" content=\"https:\/\/droneshoweurope.com\/fr\/drone-show\/\" \/>\n<meta property=\"og:site_name\" content=\"Drone Show Europe\" \/>\n<meta property=\"article:modified_time\" content=\"2024-03-14T14:18:57+00:00\" \/>\n<meta property=\"og:image\" content=\"https:\/\/droneshoweurope.com\/wp-content\/uploads\/2021\/06\/droneshoweurope_logo_fb.png\" \/>\n\t<meta property=\"og:image:width\" content=\"1200\" \/>\n\t<meta property=\"og:image:height\" content=\"630\" \/>\n\t<meta property=\"og:image:type\" content=\"image\/png\" \/>\n<meta name=\"twitter:card\" content=\"summary_large_image\" \/>\n<meta name=\"twitter:label1\" content=\"Dur\u00e9e de lecture estim\u00e9e\" \/>\n\t<meta name=\"twitter:data1\" content=\"1 minute\" \/>\n<script type=\"application\/ld+json\" class=\"yoast-schema-graph\">{\"@context\":\"https:\/\/schema.org\",\"@graph\":[{\"@type\":\"WebPage\",\"@id\":\"https:\/\/droneshoweurope.com\/fr\/drone-show\/\",\"url\":\"https:\/\/droneshoweurope.com\/fr\/drone-show\/\",\"name\":\"Drone show - Drone Show Europe\",\"isPartOf\":{\"@id\":\"https:\/\/droneshoweurope.com\/fr\/#website\"},\"datePublished\":\"2021-06-11T05:10:06+00:00\",\"dateModified\":\"2024-03-14T14:18:57+00:00\",\"breadcrumb\":{\"@id\":\"https:\/\/droneshoweurope.com\/fr\/drone-show\/#breadcrumb\"},\"inLanguage\":\"fr-FR\",\"potentialAction\":[{\"@type\":\"ReadAction\",\"target\":[\"https:\/\/droneshoweurope.com\/fr\/drone-show\/\"]}]},{\"@type\":\"BreadcrumbList\",\"@id\":\"https:\/\/droneshoweurope.com\/fr\/drone-show\/#breadcrumb\",\"itemListElement\":[{\"@type\":\"ListItem\",\"position\":1,\"name\":\"Dom\u016f\",\"item\":\"https:\/\/droneshoweurope.com\/fr\/\"},{\"@type\":\"ListItem\",\"position\":2,\"name\":\"Drone show\"}]},{\"@type\":\"WebSite\",\"@id\":\"https:\/\/droneshoweurope.com\/fr\/#website\",\"url\":\"https:\/\/droneshoweurope.com\/fr\/\",\"name\":\"Drone Show Europe\",\"description\":\"Drone Show Europe\",\"publisher\":{\"@id\":\"https:\/\/droneshoweurope.com\/fr\/#organization\"},\"potentialAction\":[{\"@type\":\"SearchAction\",\"target\":{\"@type\":\"EntryPoint\",\"urlTemplate\":\"https:\/\/droneshoweurope.com\/fr\/?s={search_term_string}\"},\"query-input\":{\"@type\":\"PropertyValueSpecification\",\"valueRequired\":true,\"valueName\":\"search_term_string\"}}],\"inLanguage\":\"fr-FR\"},{\"@type\":\"Organization\",\"@id\":\"https:\/\/droneshoweurope.com\/fr\/#organization\",\"name\":\"Drone Show Europe\",\"url\":\"https:\/\/droneshoweurope.com\/fr\/\",\"logo\":{\"@type\":\"ImageObject\",\"inLanguage\":\"fr-FR\",\"@id\":\"https:\/\/droneshoweurope.com\/fr\/#\/schema\/logo\/image\/\",\"url\":\"https:\/\/droneshoweurope.com\/wp-content\/uploads\/2021\/06\/droneshoweurope_logo_fb.png\",\"contentUrl\":\"https:\/\/droneshoweurope.com\/wp-content\/uploads\/2021\/06\/droneshoweurope_logo_fb.png\",\"width\":1200,\"height\":630,\"caption\":\"Drone Show Europe\"},\"image\":{\"@id\":\"https:\/\/droneshoweurope.com\/fr\/#\/schema\/logo\/image\/\"}}]}<\/script>\n<!-- \/ Yoast SEO plugin. -->","yoast_head_json":{"title":"Drone show - Drone Show Europe","robots":{"index":"index","follow":"follow","max-snippet":"max-snippet:-1","max-image-preview":"max-image-preview:large","max-video-preview":"max-video-preview:-1"},"canonical":"https:\/\/droneshoweurope.com\/fr\/drone-show\/","og_locale":"fr_FR","og_type":"article","og_title":"Drone show - Drone Show Europe","og_url":"https:\/\/droneshoweurope.com\/fr\/drone-show\/","og_site_name":"Drone Show Europe","article_modified_time":"2024-03-14T14:18:57+00:00","og_image":[{"width":1200,"height":630,"url":"https:\/\/droneshoweurope.com\/wp-content\/uploads\/2021\/06\/droneshoweurope_logo_fb.png","type":"image\/png"}],"twitter_card":"summary_large_image","twitter_misc":{"Dur\u00e9e de lecture estim\u00e9e":"1 minute"},"schema":{"@context":"https:\/\/schema.org","@graph":[{"@type":"WebPage","@id":"https:\/\/droneshoweurope.com\/fr\/drone-show\/","url":"https:\/\/droneshoweurope.com\/fr\/drone-show\/","name":"Drone show - Drone Show Europe","isPartOf":{"@id":"https:\/\/droneshoweurope.com\/fr\/#website"},"datePublished":"2021-06-11T05:10:06+00:00","dateModified":"2024-03-14T14:18:57+00:00","breadcrumb":{"@id":"https:\/\/droneshoweurope.com\/fr\/drone-show\/#breadcrumb"},"inLanguage":"fr-FR","potentialAction":[{"@type":"ReadAction","target":["https:\/\/droneshoweurope.com\/fr\/drone-show\/"]}]},{"@type":"BreadcrumbList","@id":"https:\/\/droneshoweurope.com\/fr\/drone-show\/#breadcrumb","itemListElement":[{"@type":"ListItem","position":1,"name":"Dom\u016f","item":"https:\/\/droneshoweurope.com\/fr\/"},{"@type":"ListItem","position":2,"name":"Drone show"}]},{"@type":"WebSite","@id":"https:\/\/droneshoweurope.com\/fr\/#website","url":"https:\/\/droneshoweurope.com\/fr\/","name":"Drone Show Europe","description":"Drone Show Europe","publisher":{"@id":"https:\/\/droneshoweurope.com\/fr\/#organization"},"potentialAction":[{"@type":"SearchAction","target":{"@type":"EntryPoint","urlTemplate":"https:\/\/droneshoweurope.com\/fr\/?s={search_term_string}"},"query-input":{"@type":"PropertyValueSpecification","valueRequired":true,"valueName":"search_term_string"}}],"inLanguage":"fr-FR"},{"@type":"Organization","@id":"https:\/\/droneshoweurope.com\/fr\/#organization","name":"Drone Show Europe","url":"https:\/\/droneshoweurope.com\/fr\/","logo":{"@type":"ImageObject","inLanguage":"fr-FR","@id":"https:\/\/droneshoweurope.com\/fr\/#\/schema\/logo\/image\/","url":"https:\/\/droneshoweurope.com\/wp-content\/uploads\/2021\/06\/droneshoweurope_logo_fb.png","contentUrl":"https:\/\/droneshoweurope.com\/wp-content\/uploads\/2021\/06\/droneshoweurope_logo_fb.png","width":1200,"height":630,"caption":"Drone Show Europe"},"image":{"@id":"https:\/\/droneshoweurope.com\/fr\/#\/schema\/logo\/image\/"}}]}},"_links":{"self":[{"href":"https:\/\/droneshoweurope.com\/fr\/wp-json\/wp\/v2\/pages\/2425","targetHints":{"allow":["GET"]}}],"collection":[{"href":"https:\/\/droneshoweurope.com\/fr\/wp-json\/wp\/v2\/pages"}],"about":[{"href":"https:\/\/droneshoweurope.com\/fr\/wp-json\/wp\/v2\/types\/page"}],"author":[{"embeddable":true,"href":"https:\/\/droneshoweurope.com\/fr\/wp-json\/wp\/v2\/users\/1"}],"replies":[{"embeddable":true,"href":"https:\/\/droneshoweurope.com\/fr\/wp-json\/wp\/v2\/comments?post=2425"}],"version-history":[{"count":6,"href":"https:\/\/droneshoweurope.com\/fr\/wp-json\/wp\/v2\/pages\/2425\/revisions"}],"predecessor-version":[{"id":2874,"href":"https:\/\/droneshoweurope.com\/fr\/wp-json\/wp\/v2\/pages\/2425\/revisions\/2874"}],"wp:attachment":[{"href":"https:\/\/droneshoweurope.com\/fr\/wp-json\/wp\/v2\/media?parent=2425"}],"curies":[{"name":"wp","href":"https:\/\/api.w.org\/{rel}","templated":true}]}}